{"id":153,"date":"2023-10-18T22:28:52","date_gmt":"2023-10-18T20:28:52","guid":{"rendered":"https:\/\/www.kinesiologie-tg.ch\/?page_id=153"},"modified":"2023-10-18T22:28:52","modified_gmt":"2023-10-18T20:28:52","slug":"datenschutz","status":"publish","type":"page","link":"https:\/\/www.kinesiologie-tg.ch\/?page_id=153","title":{"rendered":"Datenschutz"},"content":{"rendered":"<p><strong>Datenschutzerkl\u00e4rung (DSE) f\u00fcr Klient*innen<\/strong><\/p>\n<p>Ich, Susanne Gubler-Merz, Praxis f\u00fcr Kinesiologie, Unterdorfstrasse 5, 8507 H\u00f6rhausen best\u00e4tige hiermit, mich an die folgenden Regeln gem\u00e4ss Datenschutzgesetz und Datenschutzverordnung zu halten.<\/p>\n<p>Zweck dieser Datenschutzerkl\u00e4rung ist es, Sie als meine\u00a0<em>Klient*in<\/em>, \u00fcber meinen Umgang mit Ihren pers\u00f6nlichen und sensiblen Daten, die in meiner Praxis gesammelten werden, zu informieren.<\/p>\n<p>Es werden nur solche Daten bearbeitet, die mit der therapeutischen Behandlung in Zusammenhang stehen oder die f\u00fcr eine Information \u00fcber allf\u00e4llige Angebote relevant sind.<br \/>\nEs handelt sich dabei ausschliesslich um Daten, die ich mit Ihrem Einverst\u00e4ndnis aufgenommen habe, die Sie mir haben zukommen lassen oder die in \u00f6ffentlich zug\u00e4nglichen Verzeichnissen (Telefonbuch etc.) zu finden sind. Dies k\u00f6nnen allgemeine Daten zu Ihrer Person (Name, Anschrift, Telefonnummer usw.), Angaben zu Ihrer Gesundheit\/zum Krankheitsverlauf, bereits gestellte Diagnosen und gegebenenfalls weitere Daten sein, welche Sie mir aufgrund der Behandlung \u00fcbermittelt haben (Patientendossiers).<\/p>\n<p>Gesammelt, gespeichert und bearbeitet werden diese Daten ausschliesslich in<br \/>\nIhrem <em>Klient*innendossier<\/em>, resp. in dem f\u00fcr die Administration notwendigen Dossier, insbesondere in der f\u00fcr die Fakturierung gem\u00e4ss Tarif 590 notwendigen Software.<br \/>\nAn diesen Aufbewahrungsorten sind s\u00e4mtliche an Ihren Daten vorgenommenen Bearbeitungsschritte inklusive der verantwortlichen Personen nachvollziehbar.<\/p>\n<p>Ihre personenbezogenen Daten gebe ich ausschliesslich an Personen oder Bereiche meiner Praxis weiter, die diese zur Erf\u00fcllung der vertraglichen und gesetzlichen Pflichten ben\u00f6tigen. Diese Personen sind \u00fcber die geltenden Datenschutzregeln informiert und verpflichtet, diese einzuhalten.<\/p>\n<p>Weiteren Personen oder Institutionen (Versicherungen etc.) werden Ihre Daten oder Teile davon ausschliesslich mit Ihrem expliziten Einverst\u00e4ndnis zug\u00e4nglich gemacht.<br \/>\nAls Ausnahmen gelten richterliche Anordnungen oder die Durchsetzung berechtigter Anspr\u00fcche seitens der Praxis.<\/p>\n<p>Soweit Ihre Daten physisch gesammelt und bearbeitet werden, werden diese in einem abschliessbaren, unbefugten Drittpersonen nicht zug\u00e4nglichen Raum oder Schrank aufbewahrt.<br \/>\nElektronisch gesammelte Daten werden gesichert aufbewahrt (Firewall, Passwort etc.).<\/p>\n<p>Die erhobenen Daten werden vorwiegend in der Schweiz gespeichert und verarbeitet.<br \/>\nIm Rahmen der Verarbeitung d\u00fcrfen die Daten auch ausserhalb des EWR Raumes und der Schweiz verarbeitet werden, wobei die Voraussetzungen des DSG\/DSGVO eingehalten werden.<\/p>\n<p>Wo es nicht kantonale oder andere gesetzliche Regelungen anders bestimmen, werden Ihre von mir gesammelten Daten 20 Jahre nach Ihrer letzten Konsultation in unserer Praxis gel\u00f6scht.<\/p>\n<p>Die schriftliche Kommunikation zwischen meiner Praxis und Ihnen findet per E-Mail oder in Papierform statt. Entweder mit einem \u00fcblichen Verschl\u00fcsselungsprogramm verschl\u00fcsselt oder \u2013 mit Ihrem schriftlichen Einverst\u00e4ndnis \u2013 unverschl\u00fcsselt.<\/p>\n<p>Als gegenw\u00e4rtige oder ehemalige\u00a0<em>Klient*in<\/em>\u00a0k\u00f6nnen Sie von mir jederzeit ein Doppel aller Ihrer von mir gesammelten Daten in einem g\u00e4ngigen elektronischen Format verlangen.<br \/>\nNur physisch vorhandene Daten werden zu diesem Zweck gescannt und Ihnen als PDF-Datei oder in Papierform zugestellt.<br \/>\nDie Daten werden Ihnen in der Regel kostenlos und innert maximal 30 Tagen \u00fcbergeben.<\/p>\n<p>Verantwortlich f\u00fcr s\u00e4mtliche Fragen, die in Zusammenhang mit der Verarbeitung Ihrer personenbezogenen Daten und Wahrnehmung Ihrer Rechte stehen, ist die f\u00fcr Sie zust\u00e4ndige Therapeut*in.<\/p>\n<p>&nbsp;<\/p>\n","protected":false},"excerpt":{"rendered":"<p>Datenschutzerkl\u00e4rung (DSE) f\u00fcr Klient*innen Ich, Susanne Gubler-Merz, Praxis f\u00fcr Kinesiologie, Unterdorfstrasse 5, 8507 H\u00f6rhausen best\u00e4tige hiermit, mich an die folgenden Regeln gem\u00e4ss Datenschutzgesetz und Datenschutzverordnung zu halten. Zweck dieser Datenschutzerkl\u00e4rung ist es, Sie als meine\u00a0Klient*in, \u00fcber meinen Umgang mit Ihren pers\u00f6nlichen und sensiblen Daten, die in meiner Praxis gesammelten werden, zu informieren. Es werden nur &hellip; <a href=\"https:\/\/www.kinesiologie-tg.ch\/?page_id=153\" class=\"more-link\">Continue reading <span class=\"screen-reader-text\">Datenschutz<\/span><\/a><\/p>\n","protected":false},"author":4,"featured_media":0,"parent":0,"menu_order":0,"comment_status":"closed","ping_status":"closed","template":"","meta":{"footnotes":""},"class_list":["post-153","page","type-page","status-publish","hentry"],"_links":{"self":[{"href":"https:\/\/www.kinesiologie-tg.ch\/index.php?rest_route=\/wp\/v2\/pages\/153","targetHints":{"allow":["GET"]}}],"collection":[{"href":"https:\/\/www.kinesiologie-tg.ch\/index.php?rest_route=\/wp\/v2\/pages"}],"about":[{"href":"https:\/\/www.kinesiologie-tg.ch\/index.php?rest_route=\/wp\/v2\/types\/page"}],"author":[{"embeddable":true,"href":"https:\/\/www.kinesiologie-tg.ch\/index.php?rest_route=\/wp\/v2\/users\/4"}],"replies":[{"embeddable":true,"href":"https:\/\/www.kinesiologie-tg.ch\/index.php?rest_route=%2Fwp%2Fv2%2Fcomments&post=153"}],"version-history":[{"count":1,"href":"https:\/\/www.kinesiologie-tg.ch\/index.php?rest_route=\/wp\/v2\/pages\/153\/revisions"}],"predecessor-version":[{"id":154,"href":"https:\/\/www.kinesiologie-tg.ch\/index.php?rest_route=\/wp\/v2\/pages\/153\/revisions\/154"}],"wp:attachment":[{"href":"https:\/\/www.kinesiologie-tg.ch\/index.php?rest_route=%2Fwp%2Fv2%2Fmedia&parent=153"}],"curies":[{"name":"wp","href":"https:\/\/api.w.org\/{rel}","templated":true}]}}